{"id":27,"date":"2022-09-21T16:59:45","date_gmt":"2022-09-21T16:59:45","guid":{"rendered":"https:\/\/primerapichilemu.cl\/?page_id=27"},"modified":"2022-12-08T00:25:34","modified_gmt":"2022-12-08T00:25:34","slug":"historia","status":"publish","type":"page","link":"https:\/\/primerapichilemu.cl\/?page_id=27","title":{"rendered":"Historia"},"content":{"rendered":"\n<p><\/p>\n\n\n\n<p class=\"has-medium-font-size\" style=\"text-transform:none\">El 4 de diciembre de 1945, luego de una debatida reuni\u00f3n en la Municipalidad ubicada en calle Ort\u00fazar 168, se acord\u00f3 por unanimidad constituir el primer Cuerpo de Bomberos voluntarios, dando vida as\u00ed a la Primera Compa\u00f1\u00eda de Pichilemu bajo el lema \u201cAbnegaci\u00f3n y Disciplina\u201d. Su primer Directorio General se conform\u00f3 por Teobaldo Liberona, Oscar Jara, Modesto Carre\u00f1o y Armando Carola Rojas, nombrado Superintendente.<\/p>\n\n\n\n<p class=\"has-medium-font-size\" style=\"text-transform:none\">Su nacimiento se origin\u00f3 por una necesidad creciente, debido a la ocurrencia de varios incendios que hab\u00edan afectado a Pichilemu. De especial relevancia fue el registrado en noviembre del mismo a\u00f1o en el d\u00eda en que los pichileminos celebraban con algarab\u00eda la Fiesta de la Primavera en el teatro Royal.<\/p>\n\n\n\n<p class=\"has-medium-font-size\" style=\"text-transform:none\">Justamente al lado de la casa de la joven reci\u00e9n coronada reina de la primavera se hab\u00eda desatado el siniestro. Exactamente en An\u00edbal Pinto casi esquina Joaqu\u00edn Aguirre, en el almac\u00e9n perteneciente a don Carlos Catal\u00e1n. Es uno de los primeros registros de incendios de magnitud en el pueblo, los vecinos olvidaron s\u00fabitamente la fiesta, uniendo fuerzas para sofocar el fuego que amenazaba con destruir las casas aleda\u00f1as. Con garra y gran tes\u00f3n pero sin herramientas ni experiencia, trabajaron toda la noche y la madrugada hasta que alrededor del mediod\u00eda se logr\u00f3 por fin extinguir las llamas.<\/p>\n\n\n\n<p class=\"has-medium-font-size\"><\/p>\n","protected":false},"excerpt":{"rendered":"<p>El 4 de diciembre de 1945, luego de una debatida reuni\u00f3n en la Municipalidad ubicada en calle Ort\u00fazar 168, se acord\u00f3 por unanimidad constituir el primer Cuerpo de Bomberos voluntarios, dando vida as\u00ed a la Primera Compa\u00f1\u00eda de Pichilemu bajo el lema \u201cAbnegaci\u00f3n y Disciplina\u201d. Su primer Directorio General se conform\u00f3 por Teobaldo Liberona, Oscar&#8230;<\/p>\n","protected":false},"author":1,"featured_media":0,"parent":0,"menu_order":0,"comment_status":"closed","ping_status":"closed","template":"","meta":{"_tbt_post_transparent":"","_tbt_post_title":"","_tbt_post_layout":"","_tbt_post_sidebar_id":"","_tbt_post_content_style":"","_tbt_post_vertical_padding":"","_tbt_post_feature":"","_tbt_post_feature_position":"","_tbt_post_header":false,"_tbt_post_footer":false},"class_list":["post-27","page","type-page","status-publish","hentry"],"_links":{"self":[{"href":"https:\/\/primerapichilemu.cl\/index.php?rest_route=\/wp\/v2\/pages\/27","targetHints":{"allow":["GET"]}}],"collection":[{"href":"https:\/\/primerapichilemu.cl\/index.php?rest_route=\/wp\/v2\/pages"}],"about":[{"href":"https:\/\/primerapichilemu.cl\/index.php?rest_route=\/wp\/v2\/types\/page"}],"author":[{"embeddable":true,"href":"https:\/\/primerapichilemu.cl\/index.php?rest_route=\/wp\/v2\/users\/1"}],"replies":[{"embeddable":true,"href":"https:\/\/primerapichilemu.cl\/index.php?rest_route=%2Fwp%2Fv2%2Fcomments&post=27"}],"version-history":[{"count":1,"href":"https:\/\/primerapichilemu.cl\/index.php?rest_route=\/wp\/v2\/pages\/27\/revisions"}],"predecessor-version":[{"id":158,"href":"https:\/\/primerapichilemu.cl\/index.php?rest_route=\/wp\/v2\/pages\/27\/revisions\/158"}],"wp:attachment":[{"href":"https:\/\/primerapichilemu.cl\/index.php?rest_route=%2Fwp%2Fv2%2Fmedia&parent=27"}],"curies":[{"name":"wp","href":"https:\/\/api.w.org\/{rel}","templated":true}]}}